{"id":1265,"date":"2021-05-27T14:07:58","date_gmt":"2021-05-27T11:07:58","guid":{"rendered":"https:\/\/www.adalyamarble.com\/anasayfa\/"},"modified":"2025-10-31T10:54:21","modified_gmt":"2025-10-31T07:54:21","slug":"anasayfa","status":"publish","type":"page","link":"https:\/\/www.adalyamarble.com\/en\/","title":{"rendered":"Home"},"content":{"rendered":"","protected":false},"excerpt":{"rendered":"","protected":false},"author":1,"featured_media":0,"parent":0,"menu_order":0,"comment_status":"closed","ping_status":"closed","template":"","meta":[],"yoast_head":"<!-- This site is optimized with the Yoast SEO plugin v16.8 - https:\/\/yoast.com\/wordpress\/plugins\/seo\/ -->\n<title>Adalya Marble | Nature touches life<\/title>\n<meta name=\"description\" content=\"Our company is the pioneer in the marble sector; It continues its activities with a total of 5 factories in Antalya Industrial Zone, Finike and Korkuteli and showroom \/ storage area in Istanbul.\" \/>\n<meta name=\"robots\" content=\"index, follow, max-snippet:-1, max-image-preview:large, max-video-preview:-1\" \/>\n<link rel=\"canonical\" href=\"https:\/\/www.adalyamarble.com\/en\/\" \/>\n<meta property=\"og:locale\" content=\"en_US\" \/>\n<meta property=\"og:type\" content=\"article\" \/>\n<meta property=\"og:title\" content=\"Adalya Marble | Nature touches life\" \/>\n<meta property=\"og:description\" content=\"Our company is the pioneer in the marble sector; It continues its activities with a total of 5 factories in Antalya Industrial Zone, Finike and Korkuteli and showroom \/ storage area in Istanbul.\" \/>\n<meta property=\"og:url\" content=\"https:\/\/www.adalyamarble.com\/en\/\" \/>\n<meta property=\"og:site_name\" content=\"Adalya Mermer | Ta\u015fa De\u011fen G\u00fczellik\" \/>\n<meta property=\"article:modified_time\" content=\"2025-10-31T07:54:21+00:00\" \/>\n<meta name=\"twitter:card\" content=\"summary_large_image\" \/>\n<script type=\"application\/ld+json\" class=\"yoast-schema-graph\">{\"@context\":\"https:\/\/schema.org\",\"@graph\":[{\"@type\":\"Organization\",\"@id\":\"https:\/\/www.adalyamarble.com\/#organization\",\"name\":\"Adalya Mermer | Ta\\u015fa De\\u011fen G\\u00fczellik\",\"url\":\"https:\/\/www.adalyamarble.com\/\",\"sameAs\":[],\"logo\":{\"@type\":\"ImageObject\",\"@id\":\"https:\/\/www.adalyamarble.com\/#logo\",\"inLanguage\":\"en-US\",\"url\":\"https:\/\/www.adalyamarble.com\/wp-content\/uploads\/2021\/03\/logo@2x.png\",\"contentUrl\":\"https:\/\/www.adalyamarble.com\/wp-content\/uploads\/2021\/03\/logo@2x.png\",\"width\":383,\"height\":180,\"caption\":\"Adalya Mermer | Ta\\u015fa De\\u011fen G\\u00fczellik\"},\"image\":{\"@id\":\"https:\/\/www.adalyamarble.com\/#logo\"}},{\"@type\":\"WebSite\",\"@id\":\"https:\/\/www.adalyamarble.com\/#website\",\"url\":\"https:\/\/www.adalyamarble.com\/\",\"name\":\"Adalya Mermer | Ta\\u015fa De\\u011fen G\\u00fczellik\",\"description\":\"\",\"publisher\":{\"@id\":\"https:\/\/www.adalyamarble.com\/#organization\"},\"potentialAction\":[{\"@type\":\"SearchAction\",\"target\":{\"@type\":\"EntryPoint\",\"urlTemplate\":\"https:\/\/www.adalyamarble.com\/?s={search_term_string}\"},\"query-input\":\"required name=search_term_string\"}],\"inLanguage\":\"en-US\"},{\"@type\":\"WebPage\",\"@id\":\"https:\/\/www.adalyamarble.com\/en\/#webpage\",\"url\":\"https:\/\/www.adalyamarble.com\/en\/\",\"name\":\"Adalya Marble | Nature touches life\",\"isPartOf\":{\"@id\":\"https:\/\/www.adalyamarble.com\/#website\"},\"datePublished\":\"2021-05-27T11:07:58+00:00\",\"dateModified\":\"2025-10-31T07:54:21+00:00\",\"description\":\"Our company is the pioneer in the marble sector; It continues its activities with a total of 5 factories in Antalya Industrial Zone, Finike and Korkuteli and showroom \/ storage area in Istanbul.\",\"breadcrumb\":{\"@id\":\"https:\/\/www.adalyamarble.com\/en\/#breadcrumb\"},\"inLanguage\":\"en-US\",\"potentialAction\":[{\"@type\":\"ReadAction\",\"target\":[\"https:\/\/www.adalyamarble.com\/en\/\"]}]},{\"@type\":\"BreadcrumbList\",\"@id\":\"https:\/\/www.adalyamarble.com\/en\/#breadcrumb\",\"itemListElement\":[{\"@type\":\"ListItem\",\"position\":1,\"name\":\"Anasayfa\",\"item\":\"https:\/\/www.adalyamarble.com\/en\/\"},{\"@type\":\"ListItem\",\"position\":2,\"name\":\"Home\"}]}]}<\/script>\n<!-- \/ Yoast SEO plugin. -->","yoast_head_json":{"title":"Adalya Marble | Nature touches life","description":"Our company is the pioneer in the marble sector; It continues its activities with a total of 5 factories in Antalya Industrial Zone, Finike and Korkuteli and showroom \/ storage area in Istanbul.","robots":{"index":"index","follow":"follow","max-snippet":"max-snippet:-1","max-image-preview":"max-image-preview:large","max-video-preview":"max-video-preview:-1"},"canonical":"https:\/\/www.adalyamarble.com\/en\/","og_locale":"en_US","og_type":"article","og_title":"Adalya Marble | Nature touches life","og_description":"Our company is the pioneer in the marble sector; It continues its activities with a total of 5 factories in Antalya Industrial Zone, Finike and Korkuteli and showroom \/ storage area in Istanbul.","og_url":"https:\/\/www.adalyamarble.com\/en\/","og_site_name":"Adalya Mermer | Ta\u015fa De\u011fen G\u00fczellik","article_modified_time":"2025-10-31T07:54:21+00:00","twitter_card":"summary_large_image","schema":{"@context":"https:\/\/schema.org","@graph":[{"@type":"Organization","@id":"https:\/\/www.adalyamarble.com\/#organization","name":"Adalya Mermer | Ta\u015fa De\u011fen G\u00fczellik","url":"https:\/\/www.adalyamarble.com\/","sameAs":[],"logo":{"@type":"ImageObject","@id":"https:\/\/www.adalyamarble.com\/#logo","inLanguage":"en-US","url":"https:\/\/www.adalyamarble.com\/wp-content\/uploads\/2021\/03\/logo@2x.png","contentUrl":"https:\/\/www.adalyamarble.com\/wp-content\/uploads\/2021\/03\/logo@2x.png","width":383,"height":180,"caption":"Adalya Mermer | Ta\u015fa De\u011fen G\u00fczellik"},"image":{"@id":"https:\/\/www.adalyamarble.com\/#logo"}},{"@type":"WebSite","@id":"https:\/\/www.adalyamarble.com\/#website","url":"https:\/\/www.adalyamarble.com\/","name":"Adalya Mermer | Ta\u015fa De\u011fen G\u00fczellik","description":"","publisher":{"@id":"https:\/\/www.adalyamarble.com\/#organization"},"potentialAction":[{"@type":"SearchAction","target":{"@type":"EntryPoint","urlTemplate":"https:\/\/www.adalyamarble.com\/?s={search_term_string}"},"query-input":"required name=search_term_string"}],"inLanguage":"en-US"},{"@type":"WebPage","@id":"https:\/\/www.adalyamarble.com\/en\/#webpage","url":"https:\/\/www.adalyamarble.com\/en\/","name":"Adalya Marble | Nature touches life","isPartOf":{"@id":"https:\/\/www.adalyamarble.com\/#website"},"datePublished":"2021-05-27T11:07:58+00:00","dateModified":"2025-10-31T07:54:21+00:00","description":"Our company is the pioneer in the marble sector; It continues its activities with a total of 5 factories in Antalya Industrial Zone, Finike and Korkuteli and showroom \/ storage area in Istanbul.","breadcrumb":{"@id":"https:\/\/www.adalyamarble.com\/en\/#breadcrumb"},"inLanguage":"en-US","potentialAction":[{"@type":"ReadAction","target":["https:\/\/www.adalyamarble.com\/en\/"]}]},{"@type":"BreadcrumbList","@id":"https:\/\/www.adalyamarble.com\/en\/#breadcrumb","itemListElement":[{"@type":"ListItem","position":1,"name":"Anasayfa","item":"https:\/\/www.adalyamarble.com\/en\/"},{"@type":"ListItem","position":2,"name":"Home"}]}]}},"_links":{"self":[{"href":"https:\/\/www.adalyamarble.com\/en\/wp-json\/wp\/v2\/pages\/1265"}],"collection":[{"href":"https:\/\/www.adalyamarble.com\/en\/wp-json\/wp\/v2\/pages"}],"about":[{"href":"https:\/\/www.adalyamarble.com\/en\/wp-json\/wp\/v2\/types\/page"}],"author":[{"embeddable":true,"href":"https:\/\/www.adalyamarble.com\/en\/wp-json\/wp\/v2\/users\/1"}],"replies":[{"embeddable":true,"href":"https:\/\/www.adalyamarble.com\/en\/wp-json\/wp\/v2\/comments?post=1265"}],"version-history":[{"count":5,"href":"https:\/\/www.adalyamarble.com\/en\/wp-json\/wp\/v2\/pages\/1265\/revisions"}],"predecessor-version":[{"id":3566,"href":"https:\/\/www.adalyamarble.com\/en\/wp-json\/wp\/v2\/pages\/1265\/revisions\/3566"}],"wp:attachment":[{"href":"https:\/\/www.adalyamarble.com\/en\/wp-json\/wp\/v2\/media?parent=1265"}],"curies":[{"name":"wp","href":"https:\/\/api.w.org\/{rel}","templated":true}]}}