{"id":1775,"date":"2021-04-02T10:06:57","date_gmt":"2021-04-02T07:06:57","guid":{"rendered":"https:\/\/www.adalyamarble.com\/ocaklar\/adalya-hera\/"},"modified":"2025-10-09T22:19:54","modified_gmt":"2025-10-09T19:19:54","slug":"adalya-hera","status":"publish","type":"page","link":"https:\/\/www.adalyamarble.com\/en\/quarries\/adalya-hera\/","title":{"rendered":"Hera"},"content":{"rendered":"","protected":false},"excerpt":{"rendered":"","protected":false},"author":1,"featured_media":0,"parent":1768,"menu_order":0,"comment_status":"closed","ping_status":"closed","template":"","meta":[],"yoast_head":"<!-- This site is optimized with the Yoast SEO plugin v16.8 - https:\/\/yoast.com\/wordpress\/plugins\/seo\/ -->\n<title>Hera | Adalya Mermer | Ta\u015fa De\u011fen G\u00fczellik<\/title>\n<meta name=\"robots\" content=\"index, follow, max-snippet:-1, max-image-preview:large, max-video-preview:-1\" \/>\n<link rel=\"canonical\" href=\"https:\/\/www.adalyamarble.com\/en\/quarries\/adalya-hera\/\" \/>\n<meta property=\"og:locale\" content=\"en_US\" \/>\n<meta property=\"og:type\" content=\"article\" \/>\n<meta property=\"og:title\" content=\"Hera | Adalya Mermer | Ta\u015fa De\u011fen G\u00fczellik\" \/>\n<meta property=\"og:url\" content=\"https:\/\/www.adalyamarble.com\/en\/quarries\/adalya-hera\/\" \/>\n<meta property=\"og:site_name\" content=\"Adalya Mermer | Ta\u015fa De\u011fen G\u00fczellik\" \/>\n<meta property=\"article:modified_time\" content=\"2025-10-09T19:19:54+00:00\" \/>\n<meta name=\"twitter:card\" content=\"summary_large_image\" \/>\n<script type=\"application\/ld+json\" class=\"yoast-schema-graph\">{\"@context\":\"https:\/\/schema.org\",\"@graph\":[{\"@type\":\"Organization\",\"@id\":\"https:\/\/www.adalyamarble.com\/#organization\",\"name\":\"Adalya Mermer | Ta\\u015fa De\\u011fen G\\u00fczellik\",\"url\":\"https:\/\/www.adalyamarble.com\/\",\"sameAs\":[],\"logo\":{\"@type\":\"ImageObject\",\"@id\":\"https:\/\/www.adalyamarble.com\/#logo\",\"inLanguage\":\"en-US\",\"url\":\"https:\/\/www.adalyamarble.com\/wp-content\/uploads\/2021\/03\/logo@2x.png\",\"contentUrl\":\"https:\/\/www.adalyamarble.com\/wp-content\/uploads\/2021\/03\/logo@2x.png\",\"width\":383,\"height\":180,\"caption\":\"Adalya Mermer | Ta\\u015fa De\\u011fen G\\u00fczellik\"},\"image\":{\"@id\":\"https:\/\/www.adalyamarble.com\/#logo\"}},{\"@type\":\"WebSite\",\"@id\":\"https:\/\/www.adalyamarble.com\/#website\",\"url\":\"https:\/\/www.adalyamarble.com\/\",\"name\":\"Adalya Mermer | Ta\\u015fa De\\u011fen G\\u00fczellik\",\"description\":\"\",\"publisher\":{\"@id\":\"https:\/\/www.adalyamarble.com\/#organization\"},\"potentialAction\":[{\"@type\":\"SearchAction\",\"target\":{\"@type\":\"EntryPoint\",\"urlTemplate\":\"https:\/\/www.adalyamarble.com\/?s={search_term_string}\"},\"query-input\":\"required name=search_term_string\"}],\"inLanguage\":\"en-US\"},{\"@type\":\"WebPage\",\"@id\":\"https:\/\/www.adalyamarble.com\/en\/quarries\/adalya-hera\/#webpage\",\"url\":\"https:\/\/www.adalyamarble.com\/en\/quarries\/adalya-hera\/\",\"name\":\"Hera | Adalya Mermer | Ta\\u015fa De\\u011fen G\\u00fczellik\",\"isPartOf\":{\"@id\":\"https:\/\/www.adalyamarble.com\/#website\"},\"datePublished\":\"2021-04-02T07:06:57+00:00\",\"dateModified\":\"2025-10-09T19:19:54+00:00\",\"breadcrumb\":{\"@id\":\"https:\/\/www.adalyamarble.com\/en\/quarries\/adalya-hera\/#breadcrumb\"},\"inLanguage\":\"en-US\",\"potentialAction\":[{\"@type\":\"ReadAction\",\"target\":[\"https:\/\/www.adalyamarble.com\/en\/quarries\/adalya-hera\/\"]}]},{\"@type\":\"BreadcrumbList\",\"@id\":\"https:\/\/www.adalyamarble.com\/en\/quarries\/adalya-hera\/#breadcrumb\",\"itemListElement\":[{\"@type\":\"ListItem\",\"position\":1,\"name\":\"Anasayfa\",\"item\":\"https:\/\/www.adalyamarble.com\/en\/\"},{\"@type\":\"ListItem\",\"position\":2,\"name\":\"Quarries\",\"item\":\"https:\/\/www.adalyamarble.com\/en\/quarries\/\"},{\"@type\":\"ListItem\",\"position\":3,\"name\":\"Hera\"}]}]}<\/script>\n<!-- \/ Yoast SEO plugin. -->","yoast_head_json":{"title":"Hera | Adalya Mermer | Ta\u015fa De\u011fen G\u00fczellik","robots":{"index":"index","follow":"follow","max-snippet":"max-snippet:-1","max-image-preview":"max-image-preview:large","max-video-preview":"max-video-preview:-1"},"canonical":"https:\/\/www.adalyamarble.com\/en\/quarries\/adalya-hera\/","og_locale":"en_US","og_type":"article","og_title":"Hera | Adalya Mermer | Ta\u015fa De\u011fen G\u00fczellik","og_url":"https:\/\/www.adalyamarble.com\/en\/quarries\/adalya-hera\/","og_site_name":"Adalya Mermer | Ta\u015fa De\u011fen G\u00fczellik","article_modified_time":"2025-10-09T19:19:54+00:00","twitter_card":"summary_large_image","schema":{"@context":"https:\/\/schema.org","@graph":[{"@type":"Organization","@id":"https:\/\/www.adalyamarble.com\/#organization","name":"Adalya Mermer | Ta\u015fa De\u011fen G\u00fczellik","url":"https:\/\/www.adalyamarble.com\/","sameAs":[],"logo":{"@type":"ImageObject","@id":"https:\/\/www.adalyamarble.com\/#logo","inLanguage":"en-US","url":"https:\/\/www.adalyamarble.com\/wp-content\/uploads\/2021\/03\/logo@2x.png","contentUrl":"https:\/\/www.adalyamarble.com\/wp-content\/uploads\/2021\/03\/logo@2x.png","width":383,"height":180,"caption":"Adalya Mermer | Ta\u015fa De\u011fen G\u00fczellik"},"image":{"@id":"https:\/\/www.adalyamarble.com\/#logo"}},{"@type":"WebSite","@id":"https:\/\/www.adalyamarble.com\/#website","url":"https:\/\/www.adalyamarble.com\/","name":"Adalya Mermer | Ta\u015fa De\u011fen G\u00fczellik","description":"","publisher":{"@id":"https:\/\/www.adalyamarble.com\/#organization"},"potentialAction":[{"@type":"SearchAction","target":{"@type":"EntryPoint","urlTemplate":"https:\/\/www.adalyamarble.com\/?s={search_term_string}"},"query-input":"required name=search_term_string"}],"inLanguage":"en-US"},{"@type":"WebPage","@id":"https:\/\/www.adalyamarble.com\/en\/quarries\/adalya-hera\/#webpage","url":"https:\/\/www.adalyamarble.com\/en\/quarries\/adalya-hera\/","name":"Hera | Adalya Mermer | Ta\u015fa De\u011fen G\u00fczellik","isPartOf":{"@id":"https:\/\/www.adalyamarble.com\/#website"},"datePublished":"2021-04-02T07:06:57+00:00","dateModified":"2025-10-09T19:19:54+00:00","breadcrumb":{"@id":"https:\/\/www.adalyamarble.com\/en\/quarries\/adalya-hera\/#breadcrumb"},"inLanguage":"en-US","potentialAction":[{"@type":"ReadAction","target":["https:\/\/www.adalyamarble.com\/en\/quarries\/adalya-hera\/"]}]},{"@type":"BreadcrumbList","@id":"https:\/\/www.adalyamarble.com\/en\/quarries\/adalya-hera\/#breadcrumb","itemListElement":[{"@type":"ListItem","position":1,"name":"Anasayfa","item":"https:\/\/www.adalyamarble.com\/en\/"},{"@type":"ListItem","position":2,"name":"Quarries","item":"https:\/\/www.adalyamarble.com\/en\/quarries\/"},{"@type":"ListItem","position":3,"name":"Hera"}]}]}},"_links":{"self":[{"href":"https:\/\/www.adalyamarble.com\/en\/wp-json\/wp\/v2\/pages\/1775"}],"collection":[{"href":"https:\/\/www.adalyamarble.com\/en\/wp-json\/wp\/v2\/pages"}],"about":[{"href":"https:\/\/www.adalyamarble.com\/en\/wp-json\/wp\/v2\/types\/page"}],"author":[{"embeddable":true,"href":"https:\/\/www.adalyamarble.com\/en\/wp-json\/wp\/v2\/users\/1"}],"replies":[{"embeddable":true,"href":"https:\/\/www.adalyamarble.com\/en\/wp-json\/wp\/v2\/comments?post=1775"}],"version-history":[{"count":5,"href":"https:\/\/www.adalyamarble.com\/en\/wp-json\/wp\/v2\/pages\/1775\/revisions"}],"predecessor-version":[{"id":3378,"href":"https:\/\/www.adalyamarble.com\/en\/wp-json\/wp\/v2\/pages\/1775\/revisions\/3378"}],"up":[{"embeddable":true,"href":"https:\/\/www.adalyamarble.com\/en\/wp-json\/wp\/v2\/pages\/1768"}],"wp:attachment":[{"href":"https:\/\/www.adalyamarble.com\/en\/wp-json\/wp\/v2\/media?parent=1775"}],"curies":[{"name":"wp","href":"https:\/\/api.w.org\/{rel}","templated":true}]}}