{"id":1786,"date":"2021-03-29T15:23:25","date_gmt":"2021-03-29T12:23:25","guid":{"rendered":"https:\/\/www.adalyamarble.com\/urunler\/adalya-capuccino\/"},"modified":"2025-10-09T21:56:12","modified_gmt":"2025-10-09T18:56:12","slug":"adalya-capuccino","status":"publish","type":"page","link":"https:\/\/www.adalyamarble.com\/en\/products\/adalya-capuccino\/","title":{"rendered":"Capuccino"},"content":{"rendered":"","protected":false},"excerpt":{"rendered":"","protected":false},"author":1,"featured_media":0,"parent":1783,"menu_order":0,"comment_status":"closed","ping_status":"closed","template":"","meta":[],"yoast_head":"<!-- This site is optimized with the Yoast SEO plugin v16.8 - https:\/\/yoast.com\/wordpress\/plugins\/seo\/ -->\n<title>Capuccino | Adalya Mermer | Ta\u015fa De\u011fen G\u00fczellik<\/title>\n<meta name=\"robots\" content=\"index, follow, max-snippet:-1, max-image-preview:large, max-video-preview:-1\" \/>\n<link rel=\"canonical\" href=\"https:\/\/www.adalyamarble.com\/en\/products\/adalya-capuccino\/\" \/>\n<meta property=\"og:locale\" content=\"en_US\" \/>\n<meta property=\"og:type\" content=\"article\" \/>\n<meta property=\"og:title\" content=\"Capuccino | Adalya Mermer | Ta\u015fa De\u011fen G\u00fczellik\" \/>\n<meta property=\"og:url\" content=\"https:\/\/www.adalyamarble.com\/en\/products\/adalya-capuccino\/\" \/>\n<meta property=\"og:site_name\" content=\"Adalya Mermer | Ta\u015fa De\u011fen G\u00fczellik\" \/>\n<meta property=\"article:modified_time\" content=\"2025-10-09T18:56:12+00:00\" \/>\n<meta name=\"twitter:card\" content=\"summary_large_image\" \/>\n<script type=\"application\/ld+json\" class=\"yoast-schema-graph\">{\"@context\":\"https:\/\/schema.org\",\"@graph\":[{\"@type\":\"Organization\",\"@id\":\"https:\/\/www.adalyamarble.com\/#organization\",\"name\":\"Adalya Mermer | Ta\\u015fa De\\u011fen G\\u00fczellik\",\"url\":\"https:\/\/www.adalyamarble.com\/\",\"sameAs\":[],\"logo\":{\"@type\":\"ImageObject\",\"@id\":\"https:\/\/www.adalyamarble.com\/#logo\",\"inLanguage\":\"en-US\",\"url\":\"https:\/\/www.adalyamarble.com\/wp-content\/uploads\/2021\/03\/logo@2x.png\",\"contentUrl\":\"https:\/\/www.adalyamarble.com\/wp-content\/uploads\/2021\/03\/logo@2x.png\",\"width\":383,\"height\":180,\"caption\":\"Adalya Mermer | Ta\\u015fa De\\u011fen G\\u00fczellik\"},\"image\":{\"@id\":\"https:\/\/www.adalyamarble.com\/#logo\"}},{\"@type\":\"WebSite\",\"@id\":\"https:\/\/www.adalyamarble.com\/#website\",\"url\":\"https:\/\/www.adalyamarble.com\/\",\"name\":\"Adalya Mermer | Ta\\u015fa De\\u011fen G\\u00fczellik\",\"description\":\"\",\"publisher\":{\"@id\":\"https:\/\/www.adalyamarble.com\/#organization\"},\"potentialAction\":[{\"@type\":\"SearchAction\",\"target\":{\"@type\":\"EntryPoint\",\"urlTemplate\":\"https:\/\/www.adalyamarble.com\/?s={search_term_string}\"},\"query-input\":\"required name=search_term_string\"}],\"inLanguage\":\"en-US\"},{\"@type\":\"WebPage\",\"@id\":\"https:\/\/www.adalyamarble.com\/en\/products\/adalya-capuccino\/#webpage\",\"url\":\"https:\/\/www.adalyamarble.com\/en\/products\/adalya-capuccino\/\",\"name\":\"Capuccino | Adalya Mermer | Ta\\u015fa De\\u011fen G\\u00fczellik\",\"isPartOf\":{\"@id\":\"https:\/\/www.adalyamarble.com\/#website\"},\"datePublished\":\"2021-03-29T12:23:25+00:00\",\"dateModified\":\"2025-10-09T18:56:12+00:00\",\"breadcrumb\":{\"@id\":\"https:\/\/www.adalyamarble.com\/en\/products\/adalya-capuccino\/#breadcrumb\"},\"inLanguage\":\"en-US\",\"potentialAction\":[{\"@type\":\"ReadAction\",\"target\":[\"https:\/\/www.adalyamarble.com\/en\/products\/adalya-capuccino\/\"]}]},{\"@type\":\"BreadcrumbList\",\"@id\":\"https:\/\/www.adalyamarble.com\/en\/products\/adalya-capuccino\/#breadcrumb\",\"itemListElement\":[{\"@type\":\"ListItem\",\"position\":1,\"name\":\"Anasayfa\",\"item\":\"https:\/\/www.adalyamarble.com\/en\/\"},{\"@type\":\"ListItem\",\"position\":2,\"name\":\"Products\",\"item\":\"https:\/\/www.adalyamarble.com\/en\/products\/\"},{\"@type\":\"ListItem\",\"position\":3,\"name\":\"Capuccino\"}]}]}<\/script>\n<!-- \/ Yoast SEO plugin. -->","yoast_head_json":{"title":"Capuccino | Adalya Mermer | Ta\u015fa De\u011fen G\u00fczellik","robots":{"index":"index","follow":"follow","max-snippet":"max-snippet:-1","max-image-preview":"max-image-preview:large","max-video-preview":"max-video-preview:-1"},"canonical":"https:\/\/www.adalyamarble.com\/en\/products\/adalya-capuccino\/","og_locale":"en_US","og_type":"article","og_title":"Capuccino | Adalya Mermer | Ta\u015fa De\u011fen G\u00fczellik","og_url":"https:\/\/www.adalyamarble.com\/en\/products\/adalya-capuccino\/","og_site_name":"Adalya Mermer | Ta\u015fa De\u011fen G\u00fczellik","article_modified_time":"2025-10-09T18:56:12+00:00","twitter_card":"summary_large_image","schema":{"@context":"https:\/\/schema.org","@graph":[{"@type":"Organization","@id":"https:\/\/www.adalyamarble.com\/#organization","name":"Adalya Mermer | Ta\u015fa De\u011fen G\u00fczellik","url":"https:\/\/www.adalyamarble.com\/","sameAs":[],"logo":{"@type":"ImageObject","@id":"https:\/\/www.adalyamarble.com\/#logo","inLanguage":"en-US","url":"https:\/\/www.adalyamarble.com\/wp-content\/uploads\/2021\/03\/logo@2x.png","contentUrl":"https:\/\/www.adalyamarble.com\/wp-content\/uploads\/2021\/03\/logo@2x.png","width":383,"height":180,"caption":"Adalya Mermer | Ta\u015fa De\u011fen G\u00fczellik"},"image":{"@id":"https:\/\/www.adalyamarble.com\/#logo"}},{"@type":"WebSite","@id":"https:\/\/www.adalyamarble.com\/#website","url":"https:\/\/www.adalyamarble.com\/","name":"Adalya Mermer | Ta\u015fa De\u011fen G\u00fczellik","description":"","publisher":{"@id":"https:\/\/www.adalyamarble.com\/#organization"},"potentialAction":[{"@type":"SearchAction","target":{"@type":"EntryPoint","urlTemplate":"https:\/\/www.adalyamarble.com\/?s={search_term_string}"},"query-input":"required name=search_term_string"}],"inLanguage":"en-US"},{"@type":"WebPage","@id":"https:\/\/www.adalyamarble.com\/en\/products\/adalya-capuccino\/#webpage","url":"https:\/\/www.adalyamarble.com\/en\/products\/adalya-capuccino\/","name":"Capuccino | Adalya Mermer | Ta\u015fa De\u011fen G\u00fczellik","isPartOf":{"@id":"https:\/\/www.adalyamarble.com\/#website"},"datePublished":"2021-03-29T12:23:25+00:00","dateModified":"2025-10-09T18:56:12+00:00","breadcrumb":{"@id":"https:\/\/www.adalyamarble.com\/en\/products\/adalya-capuccino\/#breadcrumb"},"inLanguage":"en-US","potentialAction":[{"@type":"ReadAction","target":["https:\/\/www.adalyamarble.com\/en\/products\/adalya-capuccino\/"]}]},{"@type":"BreadcrumbList","@id":"https:\/\/www.adalyamarble.com\/en\/products\/adalya-capuccino\/#breadcrumb","itemListElement":[{"@type":"ListItem","position":1,"name":"Anasayfa","item":"https:\/\/www.adalyamarble.com\/en\/"},{"@type":"ListItem","position":2,"name":"Products","item":"https:\/\/www.adalyamarble.com\/en\/products\/"},{"@type":"ListItem","position":3,"name":"Capuccino"}]}]}},"_links":{"self":[{"href":"https:\/\/www.adalyamarble.com\/en\/wp-json\/wp\/v2\/pages\/1786"}],"collection":[{"href":"https:\/\/www.adalyamarble.com\/en\/wp-json\/wp\/v2\/pages"}],"about":[{"href":"https:\/\/www.adalyamarble.com\/en\/wp-json\/wp\/v2\/types\/page"}],"author":[{"embeddable":true,"href":"https:\/\/www.adalyamarble.com\/en\/wp-json\/wp\/v2\/users\/1"}],"replies":[{"embeddable":true,"href":"https:\/\/www.adalyamarble.com\/en\/wp-json\/wp\/v2\/comments?post=1786"}],"version-history":[{"count":5,"href":"https:\/\/www.adalyamarble.com\/en\/wp-json\/wp\/v2\/pages\/1786\/revisions"}],"predecessor-version":[{"id":3349,"href":"https:\/\/www.adalyamarble.com\/en\/wp-json\/wp\/v2\/pages\/1786\/revisions\/3349"}],"up":[{"embeddable":true,"href":"https:\/\/www.adalyamarble.com\/en\/wp-json\/wp\/v2\/pages\/1783"}],"wp:attachment":[{"href":"https:\/\/www.adalyamarble.com\/en\/wp-json\/wp\/v2\/media?parent=1786"}],"curies":[{"name":"wp","href":"https:\/\/api.w.org\/{rel}","templated":true}]}}